{"id":327,"date":"2026-01-22T02:11:04","date_gmt":"2026-01-22T02:11:04","guid":{"rendered":"https:\/\/pinpoint.world\/woocommerce-booking-demo\/?post_type=product&#038;p=327"},"modified":"2026-01-24T00:25:35","modified_gmt":"2026-01-24T00:25:35","slug":"impostos-e-taxas","status":"publish","type":"product","link":"https:\/\/pinpoint.world\/woocommerce-booking-demo\/pt-pt\/produto\/impostos-e-taxas\/","title":{"rendered":"Impostos e taxas"},"content":{"rendered":"","protected":false},"excerpt":{"rendered":"<p>Os impostos e taxas permitem aplicar encargos adicionais (como IVA, taxa tur\u00edstica ou outras taxas de servi\u00e7o) com base nas regras da sua reserva. Pode configur\u00e1-los de acordo com as suas necessidades e eles s\u00e3o adicionados automaticamente ao total para que os clientes vejam um pre\u00e7o final claro durante o checkout.<\/p>\n","protected":false},"featured_media":326,"template":"","meta":[],"product_brand":[],"product_cat":[48],"product_tag":[],"class_list":{"0":"post-327","1":"product","2":"type-product","3":"status-publish","4":"has-post-thumbnail","6":"product_cat-sem-categoria","8":"first","9":"instock","10":"virtual","11":"sold-individually","12":"purchasable","13":"product-type-simple"},"_links":{"self":[{"href":"https:\/\/pinpoint.world\/woocommerce-booking-demo\/pt-pt\/wp-json\/wp\/v2\/product\/327","targetHints":{"allow":["GET"]}}],"collection":[{"href":"https:\/\/pinpoint.world\/woocommerce-booking-demo\/pt-pt\/wp-json\/wp\/v2\/product"}],"about":[{"href":"https:\/\/pinpoint.world\/woocommerce-booking-demo\/pt-pt\/wp-json\/wp\/v2\/types\/product"}],"wp:featuredmedia":[{"embeddable":true,"href":"https:\/\/pinpoint.world\/woocommerce-booking-demo\/pt-pt\/wp-json\/wp\/v2\/media\/326"}],"wp:attachment":[{"href":"https:\/\/pinpoint.world\/woocommerce-booking-demo\/pt-pt\/wp-json\/wp\/v2\/media?parent=327"}],"wp:term":[{"taxonomy":"product_brand","embeddable":true,"href":"https:\/\/pinpoint.world\/woocommerce-booking-demo\/pt-pt\/wp-json\/wp\/v2\/product_brand?post=327"},{"taxonomy":"product_cat","embeddable":true,"href":"https:\/\/pinpoint.world\/woocommerce-booking-demo\/pt-pt\/wp-json\/wp\/v2\/product_cat?post=327"},{"taxonomy":"product_tag","embeddable":true,"href":"https:\/\/pinpoint.world\/woocommerce-booking-demo\/pt-pt\/wp-json\/wp\/v2\/product_tag?post=327"}],"curies":[{"name":"wp","href":"https:\/\/api.w.org\/{rel}","templated":true}]}}