{"id":290,"date":"2026-01-22T02:10:20","date_gmt":"2026-01-22T02:10:20","guid":{"rendered":"https:\/\/pinpoint.world\/woocommerce-booking-demo\/?post_type=product&#038;p=290"},"modified":"2026-01-24T00:02:27","modified_gmt":"2026-01-24T00:02:27","slug":"extensoes-de-disponibilidade","status":"publish","type":"product","link":"https:\/\/pinpoint.world\/woocommerce-booking-demo\/pt-pt\/produto\/extensoes-de-disponibilidade\/","title":{"rendered":"Extens\u00f5es de disponibilidade"},"content":{"rendered":"","protected":false},"excerpt":{"rendered":"<p>As extens\u00f5es de disponibilidade alteram a forma como os clientes selecionam o n\u00famero de itens dispon\u00edveis para uma solicita\u00e7\u00e3o de reserva, substituindo e aprimorando o seletor de calend\u00e1rio padr\u00e3o.<\/p>\n","protected":false},"featured_media":289,"template":"","meta":[],"product_brand":[],"product_cat":[48],"product_tag":[],"class_list":{"0":"post-290","1":"product","2":"type-product","3":"status-publish","4":"has-post-thumbnail","6":"product_cat-sem-categoria","8":"first","9":"instock","10":"virtual","11":"sold-individually","12":"purchasable","13":"product-type-simple"},"_links":{"self":[{"href":"https:\/\/pinpoint.world\/woocommerce-booking-demo\/pt-pt\/wp-json\/wp\/v2\/product\/290","targetHints":{"allow":["GET"]}}],"collection":[{"href":"https:\/\/pinpoint.world\/woocommerce-booking-demo\/pt-pt\/wp-json\/wp\/v2\/product"}],"about":[{"href":"https:\/\/pinpoint.world\/woocommerce-booking-demo\/pt-pt\/wp-json\/wp\/v2\/types\/product"}],"wp:featuredmedia":[{"embeddable":true,"href":"https:\/\/pinpoint.world\/woocommerce-booking-demo\/pt-pt\/wp-json\/wp\/v2\/media\/289"}],"wp:attachment":[{"href":"https:\/\/pinpoint.world\/woocommerce-booking-demo\/pt-pt\/wp-json\/wp\/v2\/media?parent=290"}],"wp:term":[{"taxonomy":"product_brand","embeddable":true,"href":"https:\/\/pinpoint.world\/woocommerce-booking-demo\/pt-pt\/wp-json\/wp\/v2\/product_brand?post=290"},{"taxonomy":"product_cat","embeddable":true,"href":"https:\/\/pinpoint.world\/woocommerce-booking-demo\/pt-pt\/wp-json\/wp\/v2\/product_cat?post=290"},{"taxonomy":"product_tag","embeddable":true,"href":"https:\/\/pinpoint.world\/woocommerce-booking-demo\/pt-pt\/wp-json\/wp\/v2\/product_tag?post=290"}],"curies":[{"name":"wp","href":"https:\/\/api.w.org\/{rel}","templated":true}]}}