{"id":265,"date":"2026-01-22T02:09:46","date_gmt":"2026-01-22T02:09:46","guid":{"rendered":"https:\/\/pinpoint.world\/woocommerce-booking-demo\/?post_type=product&#038;p=265"},"modified":"2026-01-23T23:41:04","modified_gmt":"2026-01-23T23:41:04","slug":"intervalos-de-horas-de-reserva-personalizados","status":"publish","type":"product","link":"https:\/\/pinpoint.world\/woocommerce-booking-demo\/pt-pt\/produto\/intervalos-de-horas-de-reserva-personalizados\/","title":{"rendered":"Intervalos de horas de reserva personalizados"},"content":{"rendered":"","protected":false},"excerpt":{"rendered":"<p>Crie calend\u00e1rios baseados em intervalos com disponibilidade, pre\u00e7os e capacidade personalizados exibidos para cada per\u00edodo, proporcionando uma sele\u00e7\u00e3o de hor\u00e1rios mais flex\u00edvel ao longo dos dias. Os clientes podem reservar um \u00fanico intervalo ou v\u00e1rios intervalos consecutivos ou n\u00e3o consecutivos dentro de um \u00fanico dia ou ao longo de v\u00e1rios dias consecutivos ou n\u00e3o consecutivos.<\/p>\n","protected":false},"featured_media":264,"template":"","meta":[],"product_brand":[],"product_cat":[48],"product_tag":[],"class_list":{"0":"post-265","1":"product","2":"type-product","3":"status-publish","4":"has-post-thumbnail","6":"product_cat-sem-categoria","8":"first","9":"instock","10":"virtual","11":"sold-individually","12":"purchasable","13":"product-type-simple"},"_links":{"self":[{"href":"https:\/\/pinpoint.world\/woocommerce-booking-demo\/pt-pt\/wp-json\/wp\/v2\/product\/265","targetHints":{"allow":["GET"]}}],"collection":[{"href":"https:\/\/pinpoint.world\/woocommerce-booking-demo\/pt-pt\/wp-json\/wp\/v2\/product"}],"about":[{"href":"https:\/\/pinpoint.world\/woocommerce-booking-demo\/pt-pt\/wp-json\/wp\/v2\/types\/product"}],"wp:featuredmedia":[{"embeddable":true,"href":"https:\/\/pinpoint.world\/woocommerce-booking-demo\/pt-pt\/wp-json\/wp\/v2\/media\/264"}],"wp:attachment":[{"href":"https:\/\/pinpoint.world\/woocommerce-booking-demo\/pt-pt\/wp-json\/wp\/v2\/media?parent=265"}],"wp:term":[{"taxonomy":"product_brand","embeddable":true,"href":"https:\/\/pinpoint.world\/woocommerce-booking-demo\/pt-pt\/wp-json\/wp\/v2\/product_brand?post=265"},{"taxonomy":"product_cat","embeddable":true,"href":"https:\/\/pinpoint.world\/woocommerce-booking-demo\/pt-pt\/wp-json\/wp\/v2\/product_cat?post=265"},{"taxonomy":"product_tag","embeddable":true,"href":"https:\/\/pinpoint.world\/woocommerce-booking-demo\/pt-pt\/wp-json\/wp\/v2\/product_tag?post=265"}],"curies":[{"name":"wp","href":"https:\/\/api.w.org\/{rel}","templated":true}]}}