{"id":253,"date":"2026-01-22T02:09:14","date_gmt":"2026-01-22T02:09:14","guid":{"rendered":"https:\/\/pinpoint.world\/woocommerce-booking-demo\/?post_type=product&#038;p=253"},"modified":"2026-01-23T23:35:37","modified_gmt":"2026-01-23T23:35:37","slug":"horario-de-reservas-personalizadas","status":"publish","type":"product","link":"https:\/\/pinpoint.world\/woocommerce-booking-demo\/pt-pt\/produto\/horario-de-reservas-personalizadas\/","title":{"rendered":"Hor\u00e1rio de reservas personalizadas"},"content":{"rendered":"","protected":false},"excerpt":{"rendered":"<p>Os calend\u00e1rios por hora podem exibir disponibilidade, pre\u00e7os e capacidade personalizados para cada per\u00edodo de tempo, permitindo que aceite reservas por hora com sele\u00e7\u00e3o de hor\u00e1rios flex\u00edveis. Os clientes podem reservar uma \u00fanica hora ou v\u00e1rias horas consecutivas ou n\u00e3o consecutivas num \u00fanico dia ou em v\u00e1rios dias consecutivos ou n\u00e3o consecutivos.<\/p>\n","protected":false},"featured_media":252,"template":"","meta":[],"product_brand":[],"product_cat":[48],"product_tag":[],"class_list":{"0":"post-253","1":"product","2":"type-product","3":"status-publish","4":"has-post-thumbnail","6":"product_cat-sem-categoria","8":"first","9":"instock","10":"virtual","11":"sold-individually","12":"purchasable","13":"product-type-simple"},"_links":{"self":[{"href":"https:\/\/pinpoint.world\/woocommerce-booking-demo\/pt-pt\/wp-json\/wp\/v2\/product\/253","targetHints":{"allow":["GET"]}}],"collection":[{"href":"https:\/\/pinpoint.world\/woocommerce-booking-demo\/pt-pt\/wp-json\/wp\/v2\/product"}],"about":[{"href":"https:\/\/pinpoint.world\/woocommerce-booking-demo\/pt-pt\/wp-json\/wp\/v2\/types\/product"}],"wp:featuredmedia":[{"embeddable":true,"href":"https:\/\/pinpoint.world\/woocommerce-booking-demo\/pt-pt\/wp-json\/wp\/v2\/media\/252"}],"wp:attachment":[{"href":"https:\/\/pinpoint.world\/woocommerce-booking-demo\/pt-pt\/wp-json\/wp\/v2\/media?parent=253"}],"wp:term":[{"taxonomy":"product_brand","embeddable":true,"href":"https:\/\/pinpoint.world\/woocommerce-booking-demo\/pt-pt\/wp-json\/wp\/v2\/product_brand?post=253"},{"taxonomy":"product_cat","embeddable":true,"href":"https:\/\/pinpoint.world\/woocommerce-booking-demo\/pt-pt\/wp-json\/wp\/v2\/product_cat?post=253"},{"taxonomy":"product_tag","embeddable":true,"href":"https:\/\/pinpoint.world\/woocommerce-booking-demo\/pt-pt\/wp-json\/wp\/v2\/product_tag?post=253"}],"curies":[{"name":"wp","href":"https:\/\/api.w.org\/{rel}","templated":true}]}}