{"id":241,"date":"2026-01-22T02:09:02","date_gmt":"2026-01-22T02:09:02","guid":{"rendered":"https:\/\/pinpoint.world\/woocommerce-booking-demo\/?post_type=product&#038;p=241"},"modified":"2026-01-23T23:26:29","modified_gmt":"2026-01-23T23:26:29","slug":"noites-de-reserva-personalizadas","status":"publish","type":"product","link":"https:\/\/pinpoint.world\/woocommerce-booking-demo\/pt-pt\/produto\/noites-de-reserva-personalizadas\/","title":{"rendered":"Noites de reserva personalizadas"},"content":{"rendered":"","protected":false},"excerpt":{"rendered":"<p>Receba reservas para pernoites com sele\u00e7\u00e3o flex\u00edvel de noites. Os clientes podem reservar uma \u00fanica noite, v\u00e1rias noites consecutivas ou v\u00e1rias noites n\u00e3o consecutivas, com disponibilidade, pre\u00e7os e capacidade personalizados exibidos ao longo do processo de reserva.<\/p>\n","protected":false},"featured_media":240,"template":"","meta":[],"product_brand":[],"product_cat":[48],"product_tag":[],"class_list":{"0":"post-241","1":"product","2":"type-product","3":"status-publish","4":"has-post-thumbnail","6":"product_cat-sem-categoria","8":"first","9":"instock","10":"virtual","11":"sold-individually","12":"purchasable","13":"product-type-simple"},"_links":{"self":[{"href":"https:\/\/pinpoint.world\/woocommerce-booking-demo\/pt-pt\/wp-json\/wp\/v2\/product\/241","targetHints":{"allow":["GET"]}}],"collection":[{"href":"https:\/\/pinpoint.world\/woocommerce-booking-demo\/pt-pt\/wp-json\/wp\/v2\/product"}],"about":[{"href":"https:\/\/pinpoint.world\/woocommerce-booking-demo\/pt-pt\/wp-json\/wp\/v2\/types\/product"}],"wp:featuredmedia":[{"embeddable":true,"href":"https:\/\/pinpoint.world\/woocommerce-booking-demo\/pt-pt\/wp-json\/wp\/v2\/media\/240"}],"wp:attachment":[{"href":"https:\/\/pinpoint.world\/woocommerce-booking-demo\/pt-pt\/wp-json\/wp\/v2\/media?parent=241"}],"wp:term":[{"taxonomy":"product_brand","embeddable":true,"href":"https:\/\/pinpoint.world\/woocommerce-booking-demo\/pt-pt\/wp-json\/wp\/v2\/product_brand?post=241"},{"taxonomy":"product_cat","embeddable":true,"href":"https:\/\/pinpoint.world\/woocommerce-booking-demo\/pt-pt\/wp-json\/wp\/v2\/product_cat?post=241"},{"taxonomy":"product_tag","embeddable":true,"href":"https:\/\/pinpoint.world\/woocommerce-booking-demo\/pt-pt\/wp-json\/wp\/v2\/product_tag?post=241"}],"curies":[{"name":"wp","href":"https:\/\/api.w.org\/{rel}","templated":true}]}}