{"id":229,"date":"2026-01-22T02:08:38","date_gmt":"2026-01-22T02:08:38","guid":{"rendered":"https:\/\/pinpoint.world\/woocommerce-booking-demo\/?post_type=product&#038;p=229"},"modified":"2026-01-23T23:20:48","modified_gmt":"2026-01-23T23:20:48","slug":"dias-de-reserva-personalizados","status":"publish","type":"product","link":"https:\/\/pinpoint.world\/woocommerce-booking-demo\/pt-pt\/produto\/dias-de-reserva-personalizados\/","title":{"rendered":"Dias de reserva personalizados"},"content":{"rendered":"","protected":false},"excerpt":{"rendered":"<p>Pode aceitar reservas por dia, com disponibilidade, pre\u00e7os e capacidade personalizados exibidos diretamente no calend\u00e1rio. Os clientes podem reservar um \u00fanico dia, v\u00e1rios dias consecutivos ou v\u00e1rios dias n\u00e3o consecutivos.<\/p>\n","protected":false},"featured_media":228,"template":"","meta":[],"product_brand":[],"product_cat":[48],"product_tag":[],"class_list":{"0":"post-229","1":"product","2":"type-product","3":"status-publish","4":"has-post-thumbnail","6":"product_cat-sem-categoria","8":"first","9":"instock","10":"virtual","11":"sold-individually","12":"purchasable","13":"product-type-simple"},"_links":{"self":[{"href":"https:\/\/pinpoint.world\/woocommerce-booking-demo\/pt-pt\/wp-json\/wp\/v2\/product\/229","targetHints":{"allow":["GET"]}}],"collection":[{"href":"https:\/\/pinpoint.world\/woocommerce-booking-demo\/pt-pt\/wp-json\/wp\/v2\/product"}],"about":[{"href":"https:\/\/pinpoint.world\/woocommerce-booking-demo\/pt-pt\/wp-json\/wp\/v2\/types\/product"}],"wp:featuredmedia":[{"embeddable":true,"href":"https:\/\/pinpoint.world\/woocommerce-booking-demo\/pt-pt\/wp-json\/wp\/v2\/media\/228"}],"wp:attachment":[{"href":"https:\/\/pinpoint.world\/woocommerce-booking-demo\/pt-pt\/wp-json\/wp\/v2\/media?parent=229"}],"wp:term":[{"taxonomy":"product_brand","embeddable":true,"href":"https:\/\/pinpoint.world\/woocommerce-booking-demo\/pt-pt\/wp-json\/wp\/v2\/product_brand?post=229"},{"taxonomy":"product_cat","embeddable":true,"href":"https:\/\/pinpoint.world\/woocommerce-booking-demo\/pt-pt\/wp-json\/wp\/v2\/product_cat?post=229"},{"taxonomy":"product_tag","embeddable":true,"href":"https:\/\/pinpoint.world\/woocommerce-booking-demo\/pt-pt\/wp-json\/wp\/v2\/product_tag?post=229"}],"curies":[{"name":"wp","href":"https:\/\/api.w.org\/{rel}","templated":true}]}}