{"id":257,"date":"2026-01-22T02:09:46","date_gmt":"2026-01-22T02:09:46","guid":{"rendered":"https:\/\/pinpoint.world\/woocommerce-booking-demo\/?post_type=product&#038;p=257"},"modified":"2026-01-23T23:38:05","modified_gmt":"2026-01-23T23:38:05","slug":"aangepaste-boekingsintervallen","status":"publish","type":"product","link":"https:\/\/pinpoint.world\/woocommerce-booking-demo\/nl\/product\/aangepaste-boekingsintervallen\/","title":{"rendered":"Aangepaste boekingsintervallen"},"content":{"rendered":"","protected":false},"excerpt":{"rendered":"<p>Maak op intervallen gebaseerde kalenders met aangepaste beschikbaarheid, prijzen en capaciteit voor elke periode, zodat u flexibeler kunt kiezen uit verschillende tijdstippen op verschillende dagen. Klanten kunnen \u00e9\u00e9n interval of meerdere opeenvolgende of niet-opeenvolgende intervallen boeken binnen \u00e9\u00e9n dag of verspreid over meerdere opeenvolgende of niet-opeenvolgende dagen.<\/p>\n","protected":false},"featured_media":256,"template":"","meta":[],"product_brand":[],"product_cat":[44],"product_tag":[],"class_list":{"0":"post-257","1":"product","2":"type-product","3":"status-publish","4":"has-post-thumbnail","6":"product_cat-ongecategoriseerd","8":"first","9":"instock","10":"virtual","11":"sold-individually","12":"purchasable","13":"product-type-simple"},"_links":{"self":[{"href":"https:\/\/pinpoint.world\/woocommerce-booking-demo\/nl\/wp-json\/wp\/v2\/product\/257","targetHints":{"allow":["GET"]}}],"collection":[{"href":"https:\/\/pinpoint.world\/woocommerce-booking-demo\/nl\/wp-json\/wp\/v2\/product"}],"about":[{"href":"https:\/\/pinpoint.world\/woocommerce-booking-demo\/nl\/wp-json\/wp\/v2\/types\/product"}],"wp:featuredmedia":[{"embeddable":true,"href":"https:\/\/pinpoint.world\/woocommerce-booking-demo\/nl\/wp-json\/wp\/v2\/media\/256"}],"wp:attachment":[{"href":"https:\/\/pinpoint.world\/woocommerce-booking-demo\/nl\/wp-json\/wp\/v2\/media?parent=257"}],"wp:term":[{"taxonomy":"product_brand","embeddable":true,"href":"https:\/\/pinpoint.world\/woocommerce-booking-demo\/nl\/wp-json\/wp\/v2\/product_brand?post=257"},{"taxonomy":"product_cat","embeddable":true,"href":"https:\/\/pinpoint.world\/woocommerce-booking-demo\/nl\/wp-json\/wp\/v2\/product_cat?post=257"},{"taxonomy":"product_tag","embeddable":true,"href":"https:\/\/pinpoint.world\/woocommerce-booking-demo\/nl\/wp-json\/wp\/v2\/product_tag?post=257"}],"curies":[{"name":"wp","href":"https:\/\/api.w.org\/{rel}","templated":true}]}}