{"id":245,"date":"2026-01-22T02:09:14","date_gmt":"2026-01-22T02:09:14","guid":{"rendered":"https:\/\/pinpoint.world\/woocommerce-booking-demo\/?post_type=product&#038;p=245"},"modified":"2026-01-23T23:30:08","modified_gmt":"2026-01-23T23:30:08","slug":"aangepaste-reserveringsuren","status":"publish","type":"product","link":"https:\/\/pinpoint.world\/woocommerce-booking-demo\/nl\/product\/aangepaste-reserveringsuren\/","title":{"rendered":"Aangepaste reserveringsuren"},"content":{"rendered":"","protected":false},"excerpt":{"rendered":"<p>Op uren gebaseerde kalenders kunnen aangepaste beschikbaarheid, prijzen en capaciteit voor elke periode weergeven, zodat u boekingen per uur kunt accepteren met flexibele tijdselectie. Klanten kunnen \u00e9\u00e9n uur of meerdere opeenvolgende of niet-opeenvolgende uren binnen \u00e9\u00e9n dag of over meerdere opeenvolgende of niet-opeenvolgende dagen boeken.<\/p>\n","protected":false},"featured_media":244,"template":"","meta":[],"product_brand":[],"product_cat":[44],"product_tag":[],"class_list":{"0":"post-245","1":"product","2":"type-product","3":"status-publish","4":"has-post-thumbnail","6":"product_cat-ongecategoriseerd","8":"first","9":"instock","10":"virtual","11":"sold-individually","12":"purchasable","13":"product-type-simple"},"_links":{"self":[{"href":"https:\/\/pinpoint.world\/woocommerce-booking-demo\/nl\/wp-json\/wp\/v2\/product\/245","targetHints":{"allow":["GET"]}}],"collection":[{"href":"https:\/\/pinpoint.world\/woocommerce-booking-demo\/nl\/wp-json\/wp\/v2\/product"}],"about":[{"href":"https:\/\/pinpoint.world\/woocommerce-booking-demo\/nl\/wp-json\/wp\/v2\/types\/product"}],"wp:featuredmedia":[{"embeddable":true,"href":"https:\/\/pinpoint.world\/woocommerce-booking-demo\/nl\/wp-json\/wp\/v2\/media\/244"}],"wp:attachment":[{"href":"https:\/\/pinpoint.world\/woocommerce-booking-demo\/nl\/wp-json\/wp\/v2\/media?parent=245"}],"wp:term":[{"taxonomy":"product_brand","embeddable":true,"href":"https:\/\/pinpoint.world\/woocommerce-booking-demo\/nl\/wp-json\/wp\/v2\/product_brand?post=245"},{"taxonomy":"product_cat","embeddable":true,"href":"https:\/\/pinpoint.world\/woocommerce-booking-demo\/nl\/wp-json\/wp\/v2\/product_cat?post=245"},{"taxonomy":"product_tag","embeddable":true,"href":"https:\/\/pinpoint.world\/woocommerce-booking-demo\/nl\/wp-json\/wp\/v2\/product_tag?post=245"}],"curies":[{"name":"wp","href":"https:\/\/api.w.org\/{rel}","templated":true}]}}