{"id":233,"date":"2026-01-22T02:09:02","date_gmt":"2026-01-22T02:09:02","guid":{"rendered":"https:\/\/pinpoint.world\/woocommerce-booking-demo\/?post_type=product&#038;p=233"},"modified":"2026-01-23T23:23:43","modified_gmt":"2026-01-23T23:23:43","slug":"aangepaste-boekingsnachten","status":"publish","type":"product","link":"https:\/\/pinpoint.world\/woocommerce-booking-demo\/nl\/product\/aangepaste-boekingsnachten\/","title":{"rendered":"Aangepaste boekingsnachten"},"content":{"rendered":"","protected":false},"excerpt":{"rendered":"<p>Ontvang boekingen voor \u00e9\u00e9n nacht met flexibele nachtselectie. Klanten kunnen \u00e9\u00e9n nacht, meerdere opeenvolgende nachten of meerdere niet-opeenvolgende nachten boeken, waarbij de beschikbaarheid, prijzen en capaciteit tijdens het hele boekingsproces worden weergegeven.<\/p>\n","protected":false},"featured_media":232,"template":"","meta":[],"product_brand":[],"product_cat":[44],"product_tag":[],"class_list":{"0":"post-233","1":"product","2":"type-product","3":"status-publish","4":"has-post-thumbnail","6":"product_cat-ongecategoriseerd","8":"first","9":"instock","10":"virtual","11":"sold-individually","12":"purchasable","13":"product-type-simple"},"_links":{"self":[{"href":"https:\/\/pinpoint.world\/woocommerce-booking-demo\/nl\/wp-json\/wp\/v2\/product\/233","targetHints":{"allow":["GET"]}}],"collection":[{"href":"https:\/\/pinpoint.world\/woocommerce-booking-demo\/nl\/wp-json\/wp\/v2\/product"}],"about":[{"href":"https:\/\/pinpoint.world\/woocommerce-booking-demo\/nl\/wp-json\/wp\/v2\/types\/product"}],"wp:featuredmedia":[{"embeddable":true,"href":"https:\/\/pinpoint.world\/woocommerce-booking-demo\/nl\/wp-json\/wp\/v2\/media\/232"}],"wp:attachment":[{"href":"https:\/\/pinpoint.world\/woocommerce-booking-demo\/nl\/wp-json\/wp\/v2\/media?parent=233"}],"wp:term":[{"taxonomy":"product_brand","embeddable":true,"href":"https:\/\/pinpoint.world\/woocommerce-booking-demo\/nl\/wp-json\/wp\/v2\/product_brand?post=233"},{"taxonomy":"product_cat","embeddable":true,"href":"https:\/\/pinpoint.world\/woocommerce-booking-demo\/nl\/wp-json\/wp\/v2\/product_cat?post=233"},{"taxonomy":"product_tag","embeddable":true,"href":"https:\/\/pinpoint.world\/woocommerce-booking-demo\/nl\/wp-json\/wp\/v2\/product_tag?post=233"}],"curies":[{"name":"wp","href":"https:\/\/api.w.org\/{rel}","templated":true}]}}