{"id":263,"date":"2026-01-22T02:09:46","date_gmt":"2026-01-22T02:09:46","guid":{"rendered":"https:\/\/pinpoint.world\/woocommerce-booking-demo\/?post_type=product&#038;p=263"},"modified":"2026-01-23T23:43:23","modified_gmt":"2026-01-23T23:43:23","slug":"intervalli-di-prenotazione-personalizzati","status":"publish","type":"product","link":"https:\/\/pinpoint.world\/woocommerce-booking-demo\/it\/prodotto\/intervalli-di-prenotazione-personalizzati\/","title":{"rendered":"Intervalli di prenotazione personalizzati"},"content":{"rendered":"","protected":false},"excerpt":{"rendered":"<p>Crea calendari basati su intervalli con disponibilit\u00e0, prezzi e capacit\u00e0 personalizzati indicati per ogni periodo di tempo, offrendoti una selezione pi\u00f9 flessibile dei giorni. I clienti possono prenotare un singolo intervallo o pi\u00f9 intervalli consecutivi o non consecutivi all&#8217;interno di un singolo giorno o in pi\u00f9 giorni consecutivi o non consecutivi.<\/p>\n","protected":false},"featured_media":262,"template":"","meta":[],"product_brand":[],"product_cat":[47],"product_tag":[],"class_list":{"0":"post-263","1":"product","2":"type-product","3":"status-publish","4":"has-post-thumbnail","6":"product_cat-senza-categoria","8":"first","9":"instock","10":"virtual","11":"sold-individually","12":"purchasable","13":"product-type-simple"},"_links":{"self":[{"href":"https:\/\/pinpoint.world\/woocommerce-booking-demo\/it\/wp-json\/wp\/v2\/product\/263","targetHints":{"allow":["GET"]}}],"collection":[{"href":"https:\/\/pinpoint.world\/woocommerce-booking-demo\/it\/wp-json\/wp\/v2\/product"}],"about":[{"href":"https:\/\/pinpoint.world\/woocommerce-booking-demo\/it\/wp-json\/wp\/v2\/types\/product"}],"wp:featuredmedia":[{"embeddable":true,"href":"https:\/\/pinpoint.world\/woocommerce-booking-demo\/it\/wp-json\/wp\/v2\/media\/262"}],"wp:attachment":[{"href":"https:\/\/pinpoint.world\/woocommerce-booking-demo\/it\/wp-json\/wp\/v2\/media?parent=263"}],"wp:term":[{"taxonomy":"product_brand","embeddable":true,"href":"https:\/\/pinpoint.world\/woocommerce-booking-demo\/it\/wp-json\/wp\/v2\/product_brand?post=263"},{"taxonomy":"product_cat","embeddable":true,"href":"https:\/\/pinpoint.world\/woocommerce-booking-demo\/it\/wp-json\/wp\/v2\/product_cat?post=263"},{"taxonomy":"product_tag","embeddable":true,"href":"https:\/\/pinpoint.world\/woocommerce-booking-demo\/it\/wp-json\/wp\/v2\/product_tag?post=263"}],"curies":[{"name":"wp","href":"https:\/\/api.w.org\/{rel}","templated":true}]}}