{"id":239,"date":"2026-01-22T02:09:02","date_gmt":"2026-01-22T02:09:02","guid":{"rendered":"https:\/\/pinpoint.world\/woocommerce-booking-demo\/?post_type=product&#038;p=239"},"modified":"2026-01-23T23:46:04","modified_gmt":"2026-01-23T23:46:04","slug":"prenotazione-personalizzata-pernottamenti","status":"publish","type":"product","link":"https:\/\/pinpoint.world\/woocommerce-booking-demo\/it\/prodotto\/prenotazione-personalizzata-pernottamenti\/","title":{"rendered":"Notti di prenotazione personalizzate"},"content":{"rendered":"","protected":false},"excerpt":{"rendered":"<p>Ricevi prenotazioni per pernottamenti con selezione flessibile delle notti. I clienti possono prenotare una sola notte, pi\u00f9 notti consecutive o pi\u00f9 notti non consecutive, con disponibilit\u00e0, prezzi e capacit\u00e0 personalizzati visualizzati durante tutto il processo di prenotazione.<\/p>\n","protected":false},"featured_media":238,"template":"","meta":[],"product_brand":[],"product_cat":[47],"product_tag":[],"class_list":{"0":"post-239","1":"product","2":"type-product","3":"status-publish","4":"has-post-thumbnail","6":"product_cat-senza-categoria","8":"first","9":"instock","10":"virtual","11":"sold-individually","12":"purchasable","13":"product-type-simple"},"_links":{"self":[{"href":"https:\/\/pinpoint.world\/woocommerce-booking-demo\/it\/wp-json\/wp\/v2\/product\/239","targetHints":{"allow":["GET"]}}],"collection":[{"href":"https:\/\/pinpoint.world\/woocommerce-booking-demo\/it\/wp-json\/wp\/v2\/product"}],"about":[{"href":"https:\/\/pinpoint.world\/woocommerce-booking-demo\/it\/wp-json\/wp\/v2\/types\/product"}],"wp:featuredmedia":[{"embeddable":true,"href":"https:\/\/pinpoint.world\/woocommerce-booking-demo\/it\/wp-json\/wp\/v2\/media\/238"}],"wp:attachment":[{"href":"https:\/\/pinpoint.world\/woocommerce-booking-demo\/it\/wp-json\/wp\/v2\/media?parent=239"}],"wp:term":[{"taxonomy":"product_brand","embeddable":true,"href":"https:\/\/pinpoint.world\/woocommerce-booking-demo\/it\/wp-json\/wp\/v2\/product_brand?post=239"},{"taxonomy":"product_cat","embeddable":true,"href":"https:\/\/pinpoint.world\/woocommerce-booking-demo\/it\/wp-json\/wp\/v2\/product_cat?post=239"},{"taxonomy":"product_tag","embeddable":true,"href":"https:\/\/pinpoint.world\/woocommerce-booking-demo\/it\/wp-json\/wp\/v2\/product_tag?post=239"}],"curies":[{"name":"wp","href":"https:\/\/api.w.org\/{rel}","templated":true}]}}