{"id":227,"date":"2026-01-22T02:08:38","date_gmt":"2026-01-22T02:08:38","guid":{"rendered":"https:\/\/pinpoint.world\/woocommerce-booking-demo\/?post_type=product&#038;p=227"},"modified":"2026-01-23T23:20:03","modified_gmt":"2026-01-23T23:20:03","slug":"giorni-di-prenotazione-personalizzati","status":"publish","type":"product","link":"https:\/\/pinpoint.world\/woocommerce-booking-demo\/it\/prodotto\/giorni-di-prenotazione-personalizzati\/","title":{"rendered":"Giorni di prenotazione personalizzati"},"content":{"rendered":"","protected":false},"excerpt":{"rendered":"<p>Puoi accettare prenotazioni giornaliere, con disponibilit\u00e0, prezzi e capacit\u00e0 personalizzati visualizzati direttamente nel calendario. I clienti possono prenotare un solo giorno, pi\u00f9 giorni consecutivi o pi\u00f9 giorni non consecutivi.<\/p>\n","protected":false},"featured_media":226,"template":"","meta":[],"product_brand":[],"product_cat":[47],"product_tag":[],"class_list":{"0":"post-227","1":"product","2":"type-product","3":"status-publish","4":"has-post-thumbnail","6":"product_cat-senza-categoria","8":"first","9":"instock","10":"virtual","11":"sold-individually","12":"purchasable","13":"product-type-simple"},"_links":{"self":[{"href":"https:\/\/pinpoint.world\/woocommerce-booking-demo\/it\/wp-json\/wp\/v2\/product\/227","targetHints":{"allow":["GET"]}}],"collection":[{"href":"https:\/\/pinpoint.world\/woocommerce-booking-demo\/it\/wp-json\/wp\/v2\/product"}],"about":[{"href":"https:\/\/pinpoint.world\/woocommerce-booking-demo\/it\/wp-json\/wp\/v2\/types\/product"}],"wp:featuredmedia":[{"embeddable":true,"href":"https:\/\/pinpoint.world\/woocommerce-booking-demo\/it\/wp-json\/wp\/v2\/media\/226"}],"wp:attachment":[{"href":"https:\/\/pinpoint.world\/woocommerce-booking-demo\/it\/wp-json\/wp\/v2\/media?parent=227"}],"wp:term":[{"taxonomy":"product_brand","embeddable":true,"href":"https:\/\/pinpoint.world\/woocommerce-booking-demo\/it\/wp-json\/wp\/v2\/product_brand?post=227"},{"taxonomy":"product_cat","embeddable":true,"href":"https:\/\/pinpoint.world\/woocommerce-booking-demo\/it\/wp-json\/wp\/v2\/product_cat?post=227"},{"taxonomy":"product_tag","embeddable":true,"href":"https:\/\/pinpoint.world\/woocommerce-booking-demo\/it\/wp-json\/wp\/v2\/product_tag?post=227"}],"curies":[{"name":"wp","href":"https:\/\/api.w.org\/{rel}","templated":true}]}}