{"id":194,"date":"2025-12-18T10:44:05","date_gmt":"2025-12-18T10:44:05","guid":{"rendered":"https:\/\/pinpoint.world\/woocommerce-booking-demo\/?post_type=product&#038;p=194"},"modified":"2026-01-23T22:45:12","modified_gmt":"2026-01-23T22:45:12","slug":"prenotazione-predefinita-notti","status":"publish","type":"product","link":"https:\/\/pinpoint.world\/woocommerce-booking-demo\/it\/prodotto\/prenotazione-predefinita-notti\/","title":{"rendered":"Prenotazione predefinita (Notti)"},"content":{"rendered":"","protected":false},"excerpt":{"rendered":"<p>Per le prenotazioni di alloggi \u00e8 possibile accettare prenotazioni per pernottamenti che iniziano nella seconda met\u00e0 del primo giorno e terminano nella prima met\u00e0 dell&#8217;ultimo giorno.<\/p>\n","protected":false},"featured_media":153,"template":"","meta":[],"product_brand":[],"product_cat":[47],"product_tag":[],"class_list":{"0":"post-194","1":"product","2":"type-product","3":"status-publish","4":"has-post-thumbnail","6":"product_cat-senza-categoria","8":"first","9":"instock","10":"virtual","11":"sold-individually","12":"purchasable","13":"product-type-simple"},"_links":{"self":[{"href":"https:\/\/pinpoint.world\/woocommerce-booking-demo\/it\/wp-json\/wp\/v2\/product\/194","targetHints":{"allow":["GET"]}}],"collection":[{"href":"https:\/\/pinpoint.world\/woocommerce-booking-demo\/it\/wp-json\/wp\/v2\/product"}],"about":[{"href":"https:\/\/pinpoint.world\/woocommerce-booking-demo\/it\/wp-json\/wp\/v2\/types\/product"}],"wp:featuredmedia":[{"embeddable":true,"href":"https:\/\/pinpoint.world\/woocommerce-booking-demo\/it\/wp-json\/wp\/v2\/media\/153"}],"wp:attachment":[{"href":"https:\/\/pinpoint.world\/woocommerce-booking-demo\/it\/wp-json\/wp\/v2\/media?parent=194"}],"wp:term":[{"taxonomy":"product_brand","embeddable":true,"href":"https:\/\/pinpoint.world\/woocommerce-booking-demo\/it\/wp-json\/wp\/v2\/product_brand?post=194"},{"taxonomy":"product_cat","embeddable":true,"href":"https:\/\/pinpoint.world\/woocommerce-booking-demo\/it\/wp-json\/wp\/v2\/product_cat?post=194"},{"taxonomy":"product_tag","embeddable":true,"href":"https:\/\/pinpoint.world\/woocommerce-booking-demo\/it\/wp-json\/wp\/v2\/product_tag?post=194"}],"curies":[{"name":"wp","href":"https:\/\/api.w.org\/{rel}","templated":true}]}}