{"id":308,"date":"2026-01-22T02:10:50","date_gmt":"2026-01-22T02:10:50","guid":{"rendered":"https:\/\/pinpoint.world\/woocommerce-booking-demo\/?post_type=product&#038;p=308"},"modified":"2026-01-24T00:15:10","modified_gmt":"2026-01-24T00:15:10","slug":"reductions","status":"publish","type":"product","link":"https:\/\/pinpoint.world\/woocommerce-booking-demo\/fr\/produit\/reductions\/","title":{"rendered":"R\u00e9ductions"},"content":{"rendered":"","protected":false},"excerpt":{"rendered":"<p>Les remises vous permettent d&rsquo;appliquer des r\u00e9ductions fixes ou proportionnelles au montant total de la r\u00e9servation. Vous pouvez proposer des promotions bas\u00e9es sur la date ou d\u00e9clencher des remises en fonction de la dur\u00e9e, de la quantit\u00e9 ou d&rsquo;autres conditions.<\/p>\n","protected":false},"featured_media":307,"template":"","meta":[],"product_brand":[],"product_cat":[45],"product_tag":[],"class_list":{"0":"post-308","1":"product","2":"type-product","3":"status-publish","4":"has-post-thumbnail","6":"product_cat-non-categorise","8":"first","9":"instock","10":"virtual","11":"sold-individually","12":"purchasable","13":"product-type-simple"},"_links":{"self":[{"href":"https:\/\/pinpoint.world\/woocommerce-booking-demo\/fr\/wp-json\/wp\/v2\/product\/308","targetHints":{"allow":["GET"]}}],"collection":[{"href":"https:\/\/pinpoint.world\/woocommerce-booking-demo\/fr\/wp-json\/wp\/v2\/product"}],"about":[{"href":"https:\/\/pinpoint.world\/woocommerce-booking-demo\/fr\/wp-json\/wp\/v2\/types\/product"}],"wp:featuredmedia":[{"embeddable":true,"href":"https:\/\/pinpoint.world\/woocommerce-booking-demo\/fr\/wp-json\/wp\/v2\/media\/307"}],"wp:attachment":[{"href":"https:\/\/pinpoint.world\/woocommerce-booking-demo\/fr\/wp-json\/wp\/v2\/media?parent=308"}],"wp:term":[{"taxonomy":"product_brand","embeddable":true,"href":"https:\/\/pinpoint.world\/woocommerce-booking-demo\/fr\/wp-json\/wp\/v2\/product_brand?post=308"},{"taxonomy":"product_cat","embeddable":true,"href":"https:\/\/pinpoint.world\/woocommerce-booking-demo\/fr\/wp-json\/wp\/v2\/product_cat?post=308"},{"taxonomy":"product_tag","embeddable":true,"href":"https:\/\/pinpoint.world\/woocommerce-booking-demo\/fr\/wp-json\/wp\/v2\/product_tag?post=308"}],"curies":[{"name":"wp","href":"https:\/\/api.w.org\/{rel}","templated":true}]}}