{"id":296,"date":"2026-01-22T02:10:33","date_gmt":"2026-01-22T02:10:33","guid":{"rendered":"https:\/\/pinpoint.world\/woocommerce-booking-demo\/?post_type=product&#038;p=296"},"modified":"2026-01-24T00:07:56","modified_gmt":"2026-01-24T00:07:56","slug":"commodites","status":"publish","type":"product","link":"https:\/\/pinpoint.world\/woocommerce-booking-demo\/fr\/produit\/commodites\/","title":{"rendered":"Commodit\u00e9s"},"content":{"rendered":"","protected":false},"excerpt":{"rendered":"<p>Les \u00e9quipements sont des \u00e9l\u00e9ments facultatifs qui peuvent \u00eatre ajout\u00e9s \u00e0 une r\u00e9servation. Vous pouvez s\u00e9lectionner les \u00e9quipements souhait\u00e9s lors du processus de r\u00e9servation ou poursuivre sans les s\u00e9lectionner. Si un \u00e9quipement a un co\u00fbt, il est automatiquement inclus dans le prix total.<\/p>\n","protected":false},"featured_media":295,"template":"","meta":[],"product_brand":[],"product_cat":[45],"product_tag":[],"class_list":{"0":"post-296","1":"product","2":"type-product","3":"status-publish","4":"has-post-thumbnail","6":"product_cat-non-categorise","8":"first","9":"instock","10":"virtual","11":"sold-individually","12":"purchasable","13":"product-type-simple"},"_links":{"self":[{"href":"https:\/\/pinpoint.world\/woocommerce-booking-demo\/fr\/wp-json\/wp\/v2\/product\/296","targetHints":{"allow":["GET"]}}],"collection":[{"href":"https:\/\/pinpoint.world\/woocommerce-booking-demo\/fr\/wp-json\/wp\/v2\/product"}],"about":[{"href":"https:\/\/pinpoint.world\/woocommerce-booking-demo\/fr\/wp-json\/wp\/v2\/types\/product"}],"wp:featuredmedia":[{"embeddable":true,"href":"https:\/\/pinpoint.world\/woocommerce-booking-demo\/fr\/wp-json\/wp\/v2\/media\/295"}],"wp:attachment":[{"href":"https:\/\/pinpoint.world\/woocommerce-booking-demo\/fr\/wp-json\/wp\/v2\/media?parent=296"}],"wp:term":[{"taxonomy":"product_brand","embeddable":true,"href":"https:\/\/pinpoint.world\/woocommerce-booking-demo\/fr\/wp-json\/wp\/v2\/product_brand?post=296"},{"taxonomy":"product_cat","embeddable":true,"href":"https:\/\/pinpoint.world\/woocommerce-booking-demo\/fr\/wp-json\/wp\/v2\/product_cat?post=296"},{"taxonomy":"product_tag","embeddable":true,"href":"https:\/\/pinpoint.world\/woocommerce-booking-demo\/fr\/wp-json\/wp\/v2\/product_tag?post=296"}],"curies":[{"name":"wp","href":"https:\/\/api.w.org\/{rel}","templated":true}]}}