{"id":259,"date":"2026-01-22T02:09:46","date_gmt":"2026-01-22T02:09:46","guid":{"rendered":"https:\/\/pinpoint.world\/woocommerce-booking-demo\/?post_type=product&#038;p=259"},"modified":"2026-01-23T23:38:56","modified_gmt":"2026-01-23T23:38:56","slug":"intervalles-horaires-personnalises-pour-les-reservations","status":"publish","type":"product","link":"https:\/\/pinpoint.world\/woocommerce-booking-demo\/fr\/produit\/intervalles-horaires-personnalises-pour-les-reservations\/","title":{"rendered":"Intervalles horaires personnalis\u00e9s pour les r\u00e9servations"},"content":{"rendered":"","protected":false},"excerpt":{"rendered":"<p>Cr\u00e9ez des calendriers bas\u00e9s sur des intervalles avec des disponibilit\u00e9s, des tarifs et des capacit\u00e9s personnalis\u00e9s pour chaque p\u00e9riode, ce qui vous offre une plus grande flexibilit\u00e9 dans le choix des horaires sur plusieurs jours. Les clients peuvent r\u00e9server un seul intervalle ou plusieurs intervalles cons\u00e9cutifs ou non cons\u00e9cutifs au cours d&rsquo;une m\u00eame journ\u00e9e ou sur plusieurs jours cons\u00e9cutifs ou non cons\u00e9cutifs.<\/p>\n","protected":false},"featured_media":258,"template":"","meta":[],"product_brand":[],"product_cat":[45],"product_tag":[],"class_list":{"0":"post-259","1":"product","2":"type-product","3":"status-publish","4":"has-post-thumbnail","6":"product_cat-non-categorise","8":"first","9":"instock","10":"virtual","11":"sold-individually","12":"purchasable","13":"product-type-simple"},"_links":{"self":[{"href":"https:\/\/pinpoint.world\/woocommerce-booking-demo\/fr\/wp-json\/wp\/v2\/product\/259","targetHints":{"allow":["GET"]}}],"collection":[{"href":"https:\/\/pinpoint.world\/woocommerce-booking-demo\/fr\/wp-json\/wp\/v2\/product"}],"about":[{"href":"https:\/\/pinpoint.world\/woocommerce-booking-demo\/fr\/wp-json\/wp\/v2\/types\/product"}],"wp:featuredmedia":[{"embeddable":true,"href":"https:\/\/pinpoint.world\/woocommerce-booking-demo\/fr\/wp-json\/wp\/v2\/media\/258"}],"wp:attachment":[{"href":"https:\/\/pinpoint.world\/woocommerce-booking-demo\/fr\/wp-json\/wp\/v2\/media?parent=259"}],"wp:term":[{"taxonomy":"product_brand","embeddable":true,"href":"https:\/\/pinpoint.world\/woocommerce-booking-demo\/fr\/wp-json\/wp\/v2\/product_brand?post=259"},{"taxonomy":"product_cat","embeddable":true,"href":"https:\/\/pinpoint.world\/woocommerce-booking-demo\/fr\/wp-json\/wp\/v2\/product_cat?post=259"},{"taxonomy":"product_tag","embeddable":true,"href":"https:\/\/pinpoint.world\/woocommerce-booking-demo\/fr\/wp-json\/wp\/v2\/product_tag?post=259"}],"curies":[{"name":"wp","href":"https:\/\/api.w.org\/{rel}","templated":true}]}}