{"id":247,"date":"2026-01-22T02:09:14","date_gmt":"2026-01-22T02:09:14","guid":{"rendered":"https:\/\/pinpoint.world\/woocommerce-booking-demo\/?post_type=product&#038;p=247"},"modified":"2026-01-23T23:31:00","modified_gmt":"2026-01-23T23:31:00","slug":"heures-de-reservation-personnalisees","status":"publish","type":"product","link":"https:\/\/pinpoint.world\/woocommerce-booking-demo\/fr\/produit\/heures-de-reservation-personnalisees\/","title":{"rendered":"Heures de r\u00e9servation personnalis\u00e9es"},"content":{"rendered":"","protected":false},"excerpt":{"rendered":"<p>Les calendriers horaires peuvent afficher la disponibilit\u00e9, les tarifs et la capacit\u00e9 personnalis\u00e9s pour chaque p\u00e9riode, ce qui vous permet d&rsquo;accepter des r\u00e9servations \u00e0 l&rsquo;heure avec une s\u00e9lection d&rsquo;horaires flexible. Les clients peuvent r\u00e9server une seule heure ou plusieurs heures cons\u00e9cutives ou non cons\u00e9cutives au cours d&rsquo;une m\u00eame journ\u00e9e ou sur plusieurs jours cons\u00e9cutifs ou non cons\u00e9cutifs.<\/p>\n","protected":false},"featured_media":246,"template":"","meta":[],"product_brand":[],"product_cat":[45],"product_tag":[],"class_list":{"0":"post-247","1":"product","2":"type-product","3":"status-publish","4":"has-post-thumbnail","6":"product_cat-non-categorise","8":"first","9":"instock","10":"virtual","11":"sold-individually","12":"purchasable","13":"product-type-simple"},"_links":{"self":[{"href":"https:\/\/pinpoint.world\/woocommerce-booking-demo\/fr\/wp-json\/wp\/v2\/product\/247","targetHints":{"allow":["GET"]}}],"collection":[{"href":"https:\/\/pinpoint.world\/woocommerce-booking-demo\/fr\/wp-json\/wp\/v2\/product"}],"about":[{"href":"https:\/\/pinpoint.world\/woocommerce-booking-demo\/fr\/wp-json\/wp\/v2\/types\/product"}],"wp:featuredmedia":[{"embeddable":true,"href":"https:\/\/pinpoint.world\/woocommerce-booking-demo\/fr\/wp-json\/wp\/v2\/media\/246"}],"wp:attachment":[{"href":"https:\/\/pinpoint.world\/woocommerce-booking-demo\/fr\/wp-json\/wp\/v2\/media?parent=247"}],"wp:term":[{"taxonomy":"product_brand","embeddable":true,"href":"https:\/\/pinpoint.world\/woocommerce-booking-demo\/fr\/wp-json\/wp\/v2\/product_brand?post=247"},{"taxonomy":"product_cat","embeddable":true,"href":"https:\/\/pinpoint.world\/woocommerce-booking-demo\/fr\/wp-json\/wp\/v2\/product_cat?post=247"},{"taxonomy":"product_tag","embeddable":true,"href":"https:\/\/pinpoint.world\/woocommerce-booking-demo\/fr\/wp-json\/wp\/v2\/product_tag?post=247"}],"curies":[{"name":"wp","href":"https:\/\/api.w.org\/{rel}","templated":true}]}}