{"id":223,"date":"2026-01-22T02:08:38","date_gmt":"2026-01-22T02:08:38","guid":{"rendered":"https:\/\/pinpoint.world\/woocommerce-booking-demo\/?post_type=product&#038;p=223"},"modified":"2026-01-23T23:18:25","modified_gmt":"2026-01-23T23:18:25","slug":"jours-de-reservation-personnalises","status":"publish","type":"product","link":"https:\/\/pinpoint.world\/woocommerce-booking-demo\/fr\/produit\/jours-de-reservation-personnalises\/","title":{"rendered":"Jours de r\u00e9servation personnalis\u00e9s"},"content":{"rendered":"","protected":false},"excerpt":{"rendered":"<p>Vous pouvez accepter des r\u00e9servations \u00e0 la journ\u00e9e, avec des disponibilit\u00e9s, des tarifs et des capacit\u00e9s personnalis\u00e9s affich\u00e9s directement dans le calendrier. Les clients peuvent r\u00e9server une seule journ\u00e9e, plusieurs jours cons\u00e9cutifs ou plusieurs jours non cons\u00e9cutifs.<\/p>\n","protected":false},"featured_media":222,"template":"","meta":[],"product_brand":[],"product_cat":[45],"product_tag":[],"class_list":{"0":"post-223","1":"product","2":"type-product","3":"status-publish","4":"has-post-thumbnail","6":"product_cat-non-categorise","8":"first","9":"instock","10":"virtual","11":"sold-individually","12":"purchasable","13":"product-type-simple"},"_links":{"self":[{"href":"https:\/\/pinpoint.world\/woocommerce-booking-demo\/fr\/wp-json\/wp\/v2\/product\/223","targetHints":{"allow":["GET"]}}],"collection":[{"href":"https:\/\/pinpoint.world\/woocommerce-booking-demo\/fr\/wp-json\/wp\/v2\/product"}],"about":[{"href":"https:\/\/pinpoint.world\/woocommerce-booking-demo\/fr\/wp-json\/wp\/v2\/types\/product"}],"wp:featuredmedia":[{"embeddable":true,"href":"https:\/\/pinpoint.world\/woocommerce-booking-demo\/fr\/wp-json\/wp\/v2\/media\/222"}],"wp:attachment":[{"href":"https:\/\/pinpoint.world\/woocommerce-booking-demo\/fr\/wp-json\/wp\/v2\/media?parent=223"}],"wp:term":[{"taxonomy":"product_brand","embeddable":true,"href":"https:\/\/pinpoint.world\/woocommerce-booking-demo\/fr\/wp-json\/wp\/v2\/product_brand?post=223"},{"taxonomy":"product_cat","embeddable":true,"href":"https:\/\/pinpoint.world\/woocommerce-booking-demo\/fr\/wp-json\/wp\/v2\/product_cat?post=223"},{"taxonomy":"product_tag","embeddable":true,"href":"https:\/\/pinpoint.world\/woocommerce-booking-demo\/fr\/wp-json\/wp\/v2\/product_tag?post=223"}],"curies":[{"name":"wp","href":"https:\/\/api.w.org\/{rel}","templated":true}]}}