{"id":191,"date":"2025-12-18T10:44:05","date_gmt":"2025-12-18T10:44:05","guid":{"rendered":"https:\/\/pinpoint.world\/woocommerce-booking-demo\/?post_type=product&#038;p=191"},"modified":"2026-01-23T22:41:42","modified_gmt":"2026-01-23T22:41:42","slug":"reservation-par-defaut-nuits","status":"publish","type":"product","link":"https:\/\/pinpoint.world\/woocommerce-booking-demo\/fr\/produit\/reservation-par-defaut-nuits\/","title":{"rendered":"R\u00e9servation par d\u00e9faut (Nuits)"},"content":{"rendered":"","protected":false},"excerpt":{"rendered":"<p>Pour les r\u00e9servations d&rsquo;h\u00e9bergement, vous pouvez accepter les r\u00e9servations pour une nuit\u00e9e lorsque le s\u00e9jour commence dans la deuxi\u00e8me moiti\u00e9 du premier jour et se termine dans la premi\u00e8re moiti\u00e9 du dernier jour.<\/p>\n","protected":false},"featured_media":148,"template":"","meta":[],"product_brand":[],"product_cat":[45],"product_tag":[],"class_list":{"0":"post-191","1":"product","2":"type-product","3":"status-publish","4":"has-post-thumbnail","6":"product_cat-non-categorise","8":"first","9":"instock","10":"virtual","11":"sold-individually","12":"purchasable","13":"product-type-simple"},"_links":{"self":[{"href":"https:\/\/pinpoint.world\/woocommerce-booking-demo\/fr\/wp-json\/wp\/v2\/product\/191","targetHints":{"allow":["GET"]}}],"collection":[{"href":"https:\/\/pinpoint.world\/woocommerce-booking-demo\/fr\/wp-json\/wp\/v2\/product"}],"about":[{"href":"https:\/\/pinpoint.world\/woocommerce-booking-demo\/fr\/wp-json\/wp\/v2\/types\/product"}],"wp:featuredmedia":[{"embeddable":true,"href":"https:\/\/pinpoint.world\/woocommerce-booking-demo\/fr\/wp-json\/wp\/v2\/media\/148"}],"wp:attachment":[{"href":"https:\/\/pinpoint.world\/woocommerce-booking-demo\/fr\/wp-json\/wp\/v2\/media?parent=191"}],"wp:term":[{"taxonomy":"product_brand","embeddable":true,"href":"https:\/\/pinpoint.world\/woocommerce-booking-demo\/fr\/wp-json\/wp\/v2\/product_brand?post=191"},{"taxonomy":"product_cat","embeddable":true,"href":"https:\/\/pinpoint.world\/woocommerce-booking-demo\/fr\/wp-json\/wp\/v2\/product_cat?post=191"},{"taxonomy":"product_tag","embeddable":true,"href":"https:\/\/pinpoint.world\/woocommerce-booking-demo\/fr\/wp-json\/wp\/v2\/product_tag?post=191"}],"curies":[{"name":"wp","href":"https:\/\/api.w.org\/{rel}","templated":true}]}}