{"id":329,"date":"2026-01-22T02:11:04","date_gmt":"2026-01-22T02:11:04","guid":{"rendered":"https:\/\/pinpoint.world\/woocommerce-booking-demo\/?post_type=product&#038;p=329"},"modified":"2026-01-24T00:26:21","modified_gmt":"2026-01-24T00:26:21","slug":"impuestos-y-tasas","status":"publish","type":"product","link":"https:\/\/pinpoint.world\/woocommerce-booking-demo\/es\/producto\/impuestos-y-tasas\/","title":{"rendered":"Impuestos y tasas"},"content":{"rendered":"","protected":false},"excerpt":{"rendered":"<p>Los impuestos y tasas te permiten aplicar cargos adicionales (como el IVA, el impuesto tur\u00edstico u otras tasas de servicio) seg\u00fan las condiciones de tu reserva. Puedes configurarlos seg\u00fan tus necesidades y se a\u00f1aden autom\u00e1ticamente al total para que los clientes vean un precio final claro al finalizar la compra.<\/p>\n","protected":false},"featured_media":328,"template":"","meta":[],"product_brand":[],"product_cat":[49],"product_tag":[],"class_list":{"0":"post-329","1":"product","2":"type-product","3":"status-publish","4":"has-post-thumbnail","6":"product_cat-sin-categoria","8":"first","9":"instock","10":"virtual","11":"sold-individually","12":"purchasable","13":"product-type-simple"},"_links":{"self":[{"href":"https:\/\/pinpoint.world\/woocommerce-booking-demo\/es\/wp-json\/wp\/v2\/product\/329","targetHints":{"allow":["GET"]}}],"collection":[{"href":"https:\/\/pinpoint.world\/woocommerce-booking-demo\/es\/wp-json\/wp\/v2\/product"}],"about":[{"href":"https:\/\/pinpoint.world\/woocommerce-booking-demo\/es\/wp-json\/wp\/v2\/types\/product"}],"wp:featuredmedia":[{"embeddable":true,"href":"https:\/\/pinpoint.world\/woocommerce-booking-demo\/es\/wp-json\/wp\/v2\/media\/328"}],"wp:attachment":[{"href":"https:\/\/pinpoint.world\/woocommerce-booking-demo\/es\/wp-json\/wp\/v2\/media?parent=329"}],"wp:term":[{"taxonomy":"product_brand","embeddable":true,"href":"https:\/\/pinpoint.world\/woocommerce-booking-demo\/es\/wp-json\/wp\/v2\/product_brand?post=329"},{"taxonomy":"product_cat","embeddable":true,"href":"https:\/\/pinpoint.world\/woocommerce-booking-demo\/es\/wp-json\/wp\/v2\/product_cat?post=329"},{"taxonomy":"product_tag","embeddable":true,"href":"https:\/\/pinpoint.world\/woocommerce-booking-demo\/es\/wp-json\/wp\/v2\/product_tag?post=329"}],"curies":[{"name":"wp","href":"https:\/\/api.w.org\/{rel}","templated":true}]}}