{"id":267,"date":"2026-01-22T02:09:46","date_gmt":"2026-01-22T02:09:46","guid":{"rendered":"https:\/\/pinpoint.world\/woocommerce-booking-demo\/?post_type=product&#038;p=267"},"modified":"2026-01-23T23:41:58","modified_gmt":"2026-01-23T23:41:58","slug":"intervalos-de-reserva-personalizados","status":"publish","type":"product","link":"https:\/\/pinpoint.world\/woocommerce-booking-demo\/es\/producto\/intervalos-de-reserva-personalizados\/","title":{"rendered":"Intervalos de reserva personalizados"},"content":{"rendered":"","protected":false},"excerpt":{"rendered":"<p>Cree calendarios basados en intervalos con disponibilidad, precios y capacidad personalizados para cada periodo de tiempo, lo que le permite seleccionar horarios de forma m\u00e1s flexible entre distintos d\u00edas. Los clientes pueden reservar un \u00fanico intervalo o varios intervalos consecutivos o no consecutivos dentro de un mismo d\u00eda o a lo largo de varios d\u00edas consecutivos o no consecutivos.<\/p>\n","protected":false},"featured_media":266,"template":"","meta":[],"product_brand":[],"product_cat":[49],"product_tag":[],"class_list":{"0":"post-267","1":"product","2":"type-product","3":"status-publish","4":"has-post-thumbnail","6":"product_cat-sin-categoria","8":"first","9":"instock","10":"virtual","11":"sold-individually","12":"purchasable","13":"product-type-simple"},"_links":{"self":[{"href":"https:\/\/pinpoint.world\/woocommerce-booking-demo\/es\/wp-json\/wp\/v2\/product\/267","targetHints":{"allow":["GET"]}}],"collection":[{"href":"https:\/\/pinpoint.world\/woocommerce-booking-demo\/es\/wp-json\/wp\/v2\/product"}],"about":[{"href":"https:\/\/pinpoint.world\/woocommerce-booking-demo\/es\/wp-json\/wp\/v2\/types\/product"}],"wp:featuredmedia":[{"embeddable":true,"href":"https:\/\/pinpoint.world\/woocommerce-booking-demo\/es\/wp-json\/wp\/v2\/media\/266"}],"wp:attachment":[{"href":"https:\/\/pinpoint.world\/woocommerce-booking-demo\/es\/wp-json\/wp\/v2\/media?parent=267"}],"wp:term":[{"taxonomy":"product_brand","embeddable":true,"href":"https:\/\/pinpoint.world\/woocommerce-booking-demo\/es\/wp-json\/wp\/v2\/product_brand?post=267"},{"taxonomy":"product_cat","embeddable":true,"href":"https:\/\/pinpoint.world\/woocommerce-booking-demo\/es\/wp-json\/wp\/v2\/product_cat?post=267"},{"taxonomy":"product_tag","embeddable":true,"href":"https:\/\/pinpoint.world\/woocommerce-booking-demo\/es\/wp-json\/wp\/v2\/product_tag?post=267"}],"curies":[{"name":"wp","href":"https:\/\/api.w.org\/{rel}","templated":true}]}}