{"id":219,"date":"2025-12-18T10:45:24","date_gmt":"2025-12-18T10:45:24","guid":{"rendered":"https:\/\/pinpoint.world\/woocommerce-booking-demo\/?post_type=product&#038;p=219"},"modified":"2026-01-23T23:05:21","modified_gmt":"2026-01-23T23:05:21","slug":"reserva-predeterminada-intervalos-horarios","status":"publish","type":"product","link":"https:\/\/pinpoint.world\/woocommerce-booking-demo\/es\/producto\/reserva-predeterminada-intervalos-horarios\/","title":{"rendered":"Reserva predeterminada (Intervalos horarios)"},"content":{"rendered":"","protected":false},"excerpt":{"rendered":"<p>Acepta reservas utilizando intervalos de tiempo fijos (por ejemplo, 30 minutos o 2 horas). Los clientes pueden seleccionar un intervalo o varios intervalos consecutivos, en funci\u00f3n de c\u00f3mo estructures la disponibilidad de tus franjas horarias est\u00e1ndar.<\/p>\n","protected":false},"featured_media":218,"template":"","meta":[],"product_brand":[],"product_cat":[49],"product_tag":[],"class_list":{"0":"post-219","1":"product","2":"type-product","3":"status-publish","4":"has-post-thumbnail","6":"product_cat-sin-categoria","8":"first","9":"instock","10":"virtual","11":"sold-individually","12":"purchasable","13":"product-type-simple"},"_links":{"self":[{"href":"https:\/\/pinpoint.world\/woocommerce-booking-demo\/es\/wp-json\/wp\/v2\/product\/219","targetHints":{"allow":["GET"]}}],"collection":[{"href":"https:\/\/pinpoint.world\/woocommerce-booking-demo\/es\/wp-json\/wp\/v2\/product"}],"about":[{"href":"https:\/\/pinpoint.world\/woocommerce-booking-demo\/es\/wp-json\/wp\/v2\/types\/product"}],"wp:featuredmedia":[{"embeddable":true,"href":"https:\/\/pinpoint.world\/woocommerce-booking-demo\/es\/wp-json\/wp\/v2\/media\/218"}],"wp:attachment":[{"href":"https:\/\/pinpoint.world\/woocommerce-booking-demo\/es\/wp-json\/wp\/v2\/media?parent=219"}],"wp:term":[{"taxonomy":"product_brand","embeddable":true,"href":"https:\/\/pinpoint.world\/woocommerce-booking-demo\/es\/wp-json\/wp\/v2\/product_brand?post=219"},{"taxonomy":"product_cat","embeddable":true,"href":"https:\/\/pinpoint.world\/woocommerce-booking-demo\/es\/wp-json\/wp\/v2\/product_cat?post=219"},{"taxonomy":"product_tag","embeddable":true,"href":"https:\/\/pinpoint.world\/woocommerce-booking-demo\/es\/wp-json\/wp\/v2\/product_tag?post=219"}],"curies":[{"name":"wp","href":"https:\/\/api.w.org\/{rel}","templated":true}]}}