{"id":323,"date":"2026-01-22T02:11:04","date_gmt":"2026-01-22T02:11:04","guid":{"rendered":"https:\/\/pinpoint.world\/woocommerce-booking-demo\/?post_type=product&#038;p=323"},"modified":"2026-01-24T00:24:12","modified_gmt":"2026-01-24T00:24:12","slug":"steuern-und-gebuehren","status":"publish","type":"product","link":"https:\/\/pinpoint.world\/woocommerce-booking-demo\/de\/produkt\/steuern-und-gebuehren\/","title":{"rendered":"Steuern und Geb\u00fchren"},"content":{"rendered":"","protected":false},"excerpt":{"rendered":"<p>Mit Steuern und Geb\u00fchren k\u00f6nnen Sie zus\u00e4tzliche Kosten (wie Mehrwertsteuer, Kurtaxe oder andere Servicegeb\u00fchren) basierend auf Ihren Buchungsregeln berechnen. Sie k\u00f6nnen diese entsprechend Ihren Anforderungen konfigurieren und sie werden automatisch zur Gesamtsumme hinzugef\u00fcgt, sodass Kunden beim Bezahlvorgang einen klaren Endpreis sehen.<\/p>\n","protected":false},"featured_media":322,"template":"","meta":[],"product_brand":[],"product_cat":[46],"product_tag":[],"class_list":{"0":"post-323","1":"product","2":"type-product","3":"status-publish","4":"has-post-thumbnail","6":"product_cat-nicht-kategorisiert","8":"first","9":"instock","10":"virtual","11":"sold-individually","12":"purchasable","13":"product-type-simple"},"_links":{"self":[{"href":"https:\/\/pinpoint.world\/woocommerce-booking-demo\/de\/wp-json\/wp\/v2\/product\/323","targetHints":{"allow":["GET"]}}],"collection":[{"href":"https:\/\/pinpoint.world\/woocommerce-booking-demo\/de\/wp-json\/wp\/v2\/product"}],"about":[{"href":"https:\/\/pinpoint.world\/woocommerce-booking-demo\/de\/wp-json\/wp\/v2\/types\/product"}],"wp:featuredmedia":[{"embeddable":true,"href":"https:\/\/pinpoint.world\/woocommerce-booking-demo\/de\/wp-json\/wp\/v2\/media\/322"}],"wp:attachment":[{"href":"https:\/\/pinpoint.world\/woocommerce-booking-demo\/de\/wp-json\/wp\/v2\/media?parent=323"}],"wp:term":[{"taxonomy":"product_brand","embeddable":true,"href":"https:\/\/pinpoint.world\/woocommerce-booking-demo\/de\/wp-json\/wp\/v2\/product_brand?post=323"},{"taxonomy":"product_cat","embeddable":true,"href":"https:\/\/pinpoint.world\/woocommerce-booking-demo\/de\/wp-json\/wp\/v2\/product_cat?post=323"},{"taxonomy":"product_tag","embeddable":true,"href":"https:\/\/pinpoint.world\/woocommerce-booking-demo\/de\/wp-json\/wp\/v2\/product_tag?post=323"}],"curies":[{"name":"wp","href":"https:\/\/api.w.org\/{rel}","templated":true}]}}