{"id":298,"date":"2026-01-22T02:10:33","date_gmt":"2026-01-22T02:10:33","guid":{"rendered":"https:\/\/pinpoint.world\/woocommerce-booking-demo\/?post_type=product&#038;p=298"},"modified":"2026-01-24T00:08:36","modified_gmt":"2026-01-24T00:08:36","slug":"ausstattung","status":"publish","type":"product","link":"https:\/\/pinpoint.world\/woocommerce-booking-demo\/de\/produkt\/ausstattung\/","title":{"rendered":"Ausstattung"},"content":{"rendered":"","protected":false},"excerpt":{"rendered":"<p>Annehmlichkeiten sind optionale Extras, die zu einer Reservierung hinzugef\u00fcgt werden k\u00f6nnen. Sie k\u00f6nnen die gew\u00fcnschten Annehmlichkeiten w\u00e4hrend des Buchungsvorgangs ausw\u00e4hlen oder ohne diese fortfahren. Wenn eine Annehmlichkeit mit Kosten verbunden ist, wird diese automatisch in den Gesamtpreis einbezogen.<\/p>\n","protected":false},"featured_media":297,"template":"","meta":[],"product_brand":[],"product_cat":[46],"product_tag":[],"class_list":{"0":"post-298","1":"product","2":"type-product","3":"status-publish","4":"has-post-thumbnail","6":"product_cat-nicht-kategorisiert","8":"first","9":"instock","10":"virtual","11":"sold-individually","12":"purchasable","13":"product-type-simple"},"_links":{"self":[{"href":"https:\/\/pinpoint.world\/woocommerce-booking-demo\/de\/wp-json\/wp\/v2\/product\/298","targetHints":{"allow":["GET"]}}],"collection":[{"href":"https:\/\/pinpoint.world\/woocommerce-booking-demo\/de\/wp-json\/wp\/v2\/product"}],"about":[{"href":"https:\/\/pinpoint.world\/woocommerce-booking-demo\/de\/wp-json\/wp\/v2\/types\/product"}],"wp:featuredmedia":[{"embeddable":true,"href":"https:\/\/pinpoint.world\/woocommerce-booking-demo\/de\/wp-json\/wp\/v2\/media\/297"}],"wp:attachment":[{"href":"https:\/\/pinpoint.world\/woocommerce-booking-demo\/de\/wp-json\/wp\/v2\/media?parent=298"}],"wp:term":[{"taxonomy":"product_brand","embeddable":true,"href":"https:\/\/pinpoint.world\/woocommerce-booking-demo\/de\/wp-json\/wp\/v2\/product_brand?post=298"},{"taxonomy":"product_cat","embeddable":true,"href":"https:\/\/pinpoint.world\/woocommerce-booking-demo\/de\/wp-json\/wp\/v2\/product_cat?post=298"},{"taxonomy":"product_tag","embeddable":true,"href":"https:\/\/pinpoint.world\/woocommerce-booking-demo\/de\/wp-json\/wp\/v2\/product_tag?post=298"}],"curies":[{"name":"wp","href":"https:\/\/api.w.org\/{rel}","templated":true}]}}