{"id":261,"date":"2026-01-22T02:09:46","date_gmt":"2026-01-22T02:09:46","guid":{"rendered":"https:\/\/pinpoint.world\/woocommerce-booking-demo\/?post_type=product&#038;p=261"},"modified":"2026-01-23T23:39:38","modified_gmt":"2026-01-23T23:39:38","slug":"individuelle-buchungsintervalle","status":"publish","type":"product","link":"https:\/\/pinpoint.world\/woocommerce-booking-demo\/de\/produkt\/individuelle-buchungsintervalle\/","title":{"rendered":"Individuelle Buchungsintervalle"},"content":{"rendered":"","protected":false},"excerpt":{"rendered":"<p>Erstellen Sie intervallbasierte Kalender mit benutzerdefinierter Verf\u00fcgbarkeit, Preisen und Kapazit\u00e4ten f\u00fcr jeden Zeitraum, sodass Sie eine flexiblere Zeitauswahl \u00fcber mehrere Tage hinweg haben. Kunden k\u00f6nnen ein einzelnes Intervall oder mehrere aufeinanderfolgende oder nicht aufeinanderfolgende Intervalle innerhalb eines Tages oder \u00fcber mehrere aufeinanderfolgende oder nicht aufeinanderfolgende Tage hinweg buchen.<\/p>\n","protected":false},"featured_media":260,"template":"","meta":[],"product_brand":[],"product_cat":[46],"product_tag":[],"class_list":{"0":"post-261","1":"product","2":"type-product","3":"status-publish","4":"has-post-thumbnail","6":"product_cat-nicht-kategorisiert","8":"first","9":"instock","10":"virtual","11":"sold-individually","12":"purchasable","13":"product-type-simple"},"_links":{"self":[{"href":"https:\/\/pinpoint.world\/woocommerce-booking-demo\/de\/wp-json\/wp\/v2\/product\/261","targetHints":{"allow":["GET"]}}],"collection":[{"href":"https:\/\/pinpoint.world\/woocommerce-booking-demo\/de\/wp-json\/wp\/v2\/product"}],"about":[{"href":"https:\/\/pinpoint.world\/woocommerce-booking-demo\/de\/wp-json\/wp\/v2\/types\/product"}],"wp:featuredmedia":[{"embeddable":true,"href":"https:\/\/pinpoint.world\/woocommerce-booking-demo\/de\/wp-json\/wp\/v2\/media\/260"}],"wp:attachment":[{"href":"https:\/\/pinpoint.world\/woocommerce-booking-demo\/de\/wp-json\/wp\/v2\/media?parent=261"}],"wp:term":[{"taxonomy":"product_brand","embeddable":true,"href":"https:\/\/pinpoint.world\/woocommerce-booking-demo\/de\/wp-json\/wp\/v2\/product_brand?post=261"},{"taxonomy":"product_cat","embeddable":true,"href":"https:\/\/pinpoint.world\/woocommerce-booking-demo\/de\/wp-json\/wp\/v2\/product_cat?post=261"},{"taxonomy":"product_tag","embeddable":true,"href":"https:\/\/pinpoint.world\/woocommerce-booking-demo\/de\/wp-json\/wp\/v2\/product_tag?post=261"}],"curies":[{"name":"wp","href":"https:\/\/api.w.org\/{rel}","templated":true}]}}