{"id":249,"date":"2026-01-22T02:09:14","date_gmt":"2026-01-22T02:09:14","guid":{"rendered":"https:\/\/pinpoint.world\/woocommerce-booking-demo\/?post_type=product&#038;p=249"},"modified":"2026-01-23T23:31:44","modified_gmt":"2026-01-23T23:31:44","slug":"individuelle-buchungszeiten","status":"publish","type":"product","link":"https:\/\/pinpoint.world\/woocommerce-booking-demo\/de\/produkt\/individuelle-buchungszeiten\/","title":{"rendered":"Individuelle Buchungszeiten"},"content":{"rendered":"","protected":false},"excerpt":{"rendered":"<p>Stundenbasierte Kalender k\u00f6nnen benutzerdefinierte Verf\u00fcgbarkeiten, Preise und Kapazit\u00e4ten f\u00fcr jeden Zeitraum anzeigen, sodass Sie Buchungen stundenweise mit flexibler Zeitauswahl annehmen k\u00f6nnen. Kunden k\u00f6nnen eine einzelne Stunde oder mehrere aufeinanderfolgende oder nicht aufeinanderfolgende Stunden innerhalb eines Tages oder \u00fcber mehrere aufeinanderfolgende oder nicht aufeinanderfolgende Tage hinweg buchen.<\/p>\n","protected":false},"featured_media":248,"template":"","meta":[],"product_brand":[],"product_cat":[46],"product_tag":[],"class_list":{"0":"post-249","1":"product","2":"type-product","3":"status-publish","4":"has-post-thumbnail","6":"product_cat-nicht-kategorisiert","8":"first","9":"instock","10":"virtual","11":"sold-individually","12":"purchasable","13":"product-type-simple"},"_links":{"self":[{"href":"https:\/\/pinpoint.world\/woocommerce-booking-demo\/de\/wp-json\/wp\/v2\/product\/249","targetHints":{"allow":["GET"]}}],"collection":[{"href":"https:\/\/pinpoint.world\/woocommerce-booking-demo\/de\/wp-json\/wp\/v2\/product"}],"about":[{"href":"https:\/\/pinpoint.world\/woocommerce-booking-demo\/de\/wp-json\/wp\/v2\/types\/product"}],"wp:featuredmedia":[{"embeddable":true,"href":"https:\/\/pinpoint.world\/woocommerce-booking-demo\/de\/wp-json\/wp\/v2\/media\/248"}],"wp:attachment":[{"href":"https:\/\/pinpoint.world\/woocommerce-booking-demo\/de\/wp-json\/wp\/v2\/media?parent=249"}],"wp:term":[{"taxonomy":"product_brand","embeddable":true,"href":"https:\/\/pinpoint.world\/woocommerce-booking-demo\/de\/wp-json\/wp\/v2\/product_brand?post=249"},{"taxonomy":"product_cat","embeddable":true,"href":"https:\/\/pinpoint.world\/woocommerce-booking-demo\/de\/wp-json\/wp\/v2\/product_cat?post=249"},{"taxonomy":"product_tag","embeddable":true,"href":"https:\/\/pinpoint.world\/woocommerce-booking-demo\/de\/wp-json\/wp\/v2\/product_tag?post=249"}],"curies":[{"name":"wp","href":"https:\/\/api.w.org\/{rel}","templated":true}]}}