{"id":237,"date":"2026-01-22T02:09:02","date_gmt":"2026-01-22T02:09:02","guid":{"rendered":"https:\/\/pinpoint.world\/woocommerce-booking-demo\/?post_type=product&#038;p=237"},"modified":"2026-01-23T23:25:04","modified_gmt":"2026-01-23T23:25:04","slug":"individuelle-buchung-von-uebernachtungen","status":"publish","type":"product","link":"https:\/\/pinpoint.world\/woocommerce-booking-demo\/de\/produkt\/individuelle-buchung-von-uebernachtungen\/","title":{"rendered":"Individuelle Buchung von \u00dcbernachtungen"},"content":{"rendered":"","protected":false},"excerpt":{"rendered":"<p>Nehmen Sie \u00dcbernachtungsbuchungen mit flexibler Auswahl der \u00dcbernachtungen entgegen. Kunden k\u00f6nnen eine einzelne Nacht, mehrere aufeinanderfolgende N\u00e4chte oder mehrere nicht aufeinanderfolgende N\u00e4chte buchen, wobei die Verf\u00fcgbarkeit, Preise und Kapazit\u00e4ten w\u00e4hrend des gesamten Buchungsvorgangs individuell angezeigt werden.<\/p>\n","protected":false},"featured_media":236,"template":"","meta":[],"product_brand":[],"product_cat":[46],"product_tag":[],"class_list":{"0":"post-237","1":"product","2":"type-product","3":"status-publish","4":"has-post-thumbnail","6":"product_cat-nicht-kategorisiert","8":"first","9":"instock","10":"virtual","11":"sold-individually","12":"purchasable","13":"product-type-simple"},"_links":{"self":[{"href":"https:\/\/pinpoint.world\/woocommerce-booking-demo\/de\/wp-json\/wp\/v2\/product\/237","targetHints":{"allow":["GET"]}}],"collection":[{"href":"https:\/\/pinpoint.world\/woocommerce-booking-demo\/de\/wp-json\/wp\/v2\/product"}],"about":[{"href":"https:\/\/pinpoint.world\/woocommerce-booking-demo\/de\/wp-json\/wp\/v2\/types\/product"}],"wp:featuredmedia":[{"embeddable":true,"href":"https:\/\/pinpoint.world\/woocommerce-booking-demo\/de\/wp-json\/wp\/v2\/media\/236"}],"wp:attachment":[{"href":"https:\/\/pinpoint.world\/woocommerce-booking-demo\/de\/wp-json\/wp\/v2\/media?parent=237"}],"wp:term":[{"taxonomy":"product_brand","embeddable":true,"href":"https:\/\/pinpoint.world\/woocommerce-booking-demo\/de\/wp-json\/wp\/v2\/product_brand?post=237"},{"taxonomy":"product_cat","embeddable":true,"href":"https:\/\/pinpoint.world\/woocommerce-booking-demo\/de\/wp-json\/wp\/v2\/product_cat?post=237"},{"taxonomy":"product_tag","embeddable":true,"href":"https:\/\/pinpoint.world\/woocommerce-booking-demo\/de\/wp-json\/wp\/v2\/product_tag?post=237"}],"curies":[{"name":"wp","href":"https:\/\/api.w.org\/{rel}","templated":true}]}}