{"id":213,"date":"2025-12-18T10:45:24","date_gmt":"2025-12-18T10:45:24","guid":{"rendered":"https:\/\/pinpoint.world\/woocommerce-booking-demo\/?post_type=product&#038;p=213"},"modified":"2026-01-23T23:02:30","modified_gmt":"2026-01-23T23:02:30","slug":"standardbuchung-stundenintervalle","status":"publish","type":"product","link":"https:\/\/pinpoint.world\/woocommerce-booking-demo\/de\/produkt\/standardbuchung-stundenintervalle\/","title":{"rendered":"Standardbuchung (Stundenintervalle)"},"content":{"rendered":"","protected":false},"excerpt":{"rendered":"<p>Nehmen Sie Buchungen in festen Zeitintervallen entgegen (z. B. 30 Minuten oder 2 Stunden). Kunden k\u00f6nnen ein Intervall oder mehrere aufeinanderfolgende Intervalle ausw\u00e4hlen, je nachdem, wie Sie Ihre Standard-Zeitfensterverf\u00fcgbarkeit strukturieren.<\/p>\n","protected":false},"featured_media":212,"template":"","meta":[],"product_brand":[],"product_cat":[46],"product_tag":[],"class_list":{"0":"post-213","1":"product","2":"type-product","3":"status-publish","4":"has-post-thumbnail","6":"product_cat-nicht-kategorisiert","8":"first","9":"instock","10":"virtual","11":"sold-individually","12":"purchasable","13":"product-type-simple"},"_links":{"self":[{"href":"https:\/\/pinpoint.world\/woocommerce-booking-demo\/de\/wp-json\/wp\/v2\/product\/213","targetHints":{"allow":["GET"]}}],"collection":[{"href":"https:\/\/pinpoint.world\/woocommerce-booking-demo\/de\/wp-json\/wp\/v2\/product"}],"about":[{"href":"https:\/\/pinpoint.world\/woocommerce-booking-demo\/de\/wp-json\/wp\/v2\/types\/product"}],"wp:featuredmedia":[{"embeddable":true,"href":"https:\/\/pinpoint.world\/woocommerce-booking-demo\/de\/wp-json\/wp\/v2\/media\/212"}],"wp:attachment":[{"href":"https:\/\/pinpoint.world\/woocommerce-booking-demo\/de\/wp-json\/wp\/v2\/media?parent=213"}],"wp:term":[{"taxonomy":"product_brand","embeddable":true,"href":"https:\/\/pinpoint.world\/woocommerce-booking-demo\/de\/wp-json\/wp\/v2\/product_brand?post=213"},{"taxonomy":"product_cat","embeddable":true,"href":"https:\/\/pinpoint.world\/woocommerce-booking-demo\/de\/wp-json\/wp\/v2\/product_cat?post=213"},{"taxonomy":"product_tag","embeddable":true,"href":"https:\/\/pinpoint.world\/woocommerce-booking-demo\/de\/wp-json\/wp\/v2\/product_tag?post=213"}],"curies":[{"name":"wp","href":"https:\/\/api.w.org\/{rel}","templated":true}]}}