{"id":192,"date":"2025-12-18T10:44:05","date_gmt":"2025-12-18T10:44:05","guid":{"rendered":"https:\/\/pinpoint.world\/woocommerce-booking-demo\/?post_type=product&#038;p=192"},"modified":"2026-01-23T22:43:02","modified_gmt":"2026-01-23T22:43:02","slug":"standardbuchung-naechte","status":"publish","type":"product","link":"https:\/\/pinpoint.world\/woocommerce-booking-demo\/de\/produkt\/standardbuchung-naechte\/","title":{"rendered":"Standardbuchung (N\u00e4chte)"},"content":{"rendered":"","protected":false},"excerpt":{"rendered":"<p>Bei Unterkunftsbuchungen k\u00f6nnen Sie \u00dcbernachtungsreservierungen akzeptieren, bei denen der Aufenthalt in der zweiten H\u00e4lfte des ersten Tages beginnt und in der ersten H\u00e4lfte des letzten Tages endet.<\/p>\n","protected":false},"featured_media":151,"template":"","meta":[],"product_brand":[],"product_cat":[46],"product_tag":[],"class_list":{"0":"post-192","1":"product","2":"type-product","3":"status-publish","4":"has-post-thumbnail","6":"product_cat-nicht-kategorisiert","8":"first","9":"instock","10":"virtual","11":"sold-individually","12":"purchasable","13":"product-type-simple"},"_links":{"self":[{"href":"https:\/\/pinpoint.world\/woocommerce-booking-demo\/de\/wp-json\/wp\/v2\/product\/192","targetHints":{"allow":["GET"]}}],"collection":[{"href":"https:\/\/pinpoint.world\/woocommerce-booking-demo\/de\/wp-json\/wp\/v2\/product"}],"about":[{"href":"https:\/\/pinpoint.world\/woocommerce-booking-demo\/de\/wp-json\/wp\/v2\/types\/product"}],"wp:featuredmedia":[{"embeddable":true,"href":"https:\/\/pinpoint.world\/woocommerce-booking-demo\/de\/wp-json\/wp\/v2\/media\/151"}],"wp:attachment":[{"href":"https:\/\/pinpoint.world\/woocommerce-booking-demo\/de\/wp-json\/wp\/v2\/media?parent=192"}],"wp:term":[{"taxonomy":"product_brand","embeddable":true,"href":"https:\/\/pinpoint.world\/woocommerce-booking-demo\/de\/wp-json\/wp\/v2\/product_brand?post=192"},{"taxonomy":"product_cat","embeddable":true,"href":"https:\/\/pinpoint.world\/woocommerce-booking-demo\/de\/wp-json\/wp\/v2\/product_cat?post=192"},{"taxonomy":"product_tag","embeddable":true,"href":"https:\/\/pinpoint.world\/woocommerce-booking-demo\/de\/wp-json\/wp\/v2\/product_tag?post=192"}],"curies":[{"name":"wp","href":"https:\/\/api.w.org\/{rel}","templated":true}]}}